{"id":9,"date":"2022-05-30T08:10:24","date_gmt":"2022-05-30T08:10:24","guid":{"rendered":"https:\/\/demosites.royal-elementor-addons.com\/digital-agency-dark-v1\/?page_id=9"},"modified":"2026-03-15T15:26:20","modified_gmt":"2026-03-15T15:26:20","slug":"home-digital-agency-dark-v1","status":"publish","type":"page","link":"https:\/\/plasmar.com.mx\/en\/","title":{"rendered":"Home"},"content":{"rendered":"\t\t<div data-elementor-type=\"wp-page\" data-elementor-id=\"9\" class=\"elementor elementor-9\">\n\t\t\t\t\t\t<section data-wpr-particles=\"{&quot;particles&quot;:{&quot;number&quot;:{&quot;value&quot;:80,&quot;density&quot;:{&quot;enable&quot;:true,&quot;value_area&quot;:800}},&quot;color&quot;:{&quot;value&quot;:&quot;#000000&quot;},&quot;shape&quot;:{&quot;type&quot;:&quot;circle&quot;,&quot;stroke&quot;:{&quot;width&quot;:0,&quot;color&quot;:&quot;#000000&quot;},&quot;polygon&quot;:{&quot;nb_sides&quot;:5},&quot;image&quot;:{&quot;src&quot;:&quot;img\/github.svg&quot;,&quot;width&quot;:100,&quot;height&quot;:100}},&quot;opacity&quot;:{&quot;value&quot;:0.5,&quot;random&quot;:false,&quot;anim&quot;:{&quot;enable&quot;:false,&quot;speed&quot;:1,&quot;opacity_min&quot;:0.1,&quot;sync&quot;:false}},&quot;size&quot;:{&quot;value&quot;:3,&quot;random&quot;:true,&quot;anim&quot;:{&quot;enable&quot;:false,&quot;speed&quot;:40,&quot;size_min&quot;:0.1,&quot;sync&quot;:false}},&quot;line_linked&quot;:{&quot;enable&quot;:true,&quot;distance&quot;:150,&quot;color&quot;:&quot;#000000&quot;,&quot;opacity&quot;:0.4,&quot;width&quot;:1},&quot;move&quot;:{&quot;enable&quot;:true,&quot;speed&quot;:6,&quot;direction&quot;:&quot;none&quot;,&quot;random&quot;:false,&quot;straight&quot;:false,&quot;out_mode&quot;:&quot;out&quot;,&quot;bounce&quot;:false,&quot;attract&quot;:{&quot;enable&quot;:false,&quot;rotateX&quot;:600,&quot;rotateY&quot;:1200}}},&quot;interactivity&quot;:{&quot;detect_on&quot;:&quot;window&quot;,&quot;events&quot;:{&quot;onhover&quot;:{&quot;enable&quot;:true,&quot;mode&quot;:&quot;repulse&quot;},&quot;onclick&quot;:{&quot;enable&quot;:true,&quot;mode&quot;:&quot;push&quot;},&quot;resize&quot;:true},&quot;modes&quot;:{&quot;grab&quot;:{&quot;distance&quot;:400,&quot;line_linked&quot;:{&quot;opacity&quot;:1}},&quot;bubble&quot;:{&quot;distance&quot;:400,&quot;size&quot;:40,&quot;duration&quot;:2,&quot;opacity&quot;:8,&quot;speed&quot;:3},&quot;repulse&quot;:{&quot;distance&quot;:200,&quot;duration&quot;:0.4},&quot;push&quot;:{&quot;particles_nb&quot;:4},&quot;remove&quot;:{&quot;particles_nb&quot;:2}}},&quot;retina_detect&quot;:true}\" particle-source=\"wpr_particle_json_custom\" class=\"elementor-section elementor-top-section elementor-element elementor-element-4f0d9469 elementor-section-height-min-height wpr-particle-yes elementor-section-full_width bg-animation elementor-section-height-default elementor-section-items-middle wpr-jarallax-no wpr-parallax-no wpr-sticky-section-no wpr-equal-height-no\" data-id=\"4f0d9469\" data-element_type=\"section\" data-e-type=\"section\" data-settings=\"{&quot;background_background&quot;:&quot;gradient&quot;,&quot;animation&quot;:&quot;none&quot;}\">\n\t\t\t\t\t\t<div class=\"elementor-container elementor-column-gap-default\">\n\t\t\t\t\t<div class=\"elementor-column elementor-col-100 elementor-top-column elementor-element elementor-element-37f4df23\" data-id=\"37f4df23\" data-element_type=\"column\" data-e-type=\"column\" data-settings=\"{&quot;background_background&quot;:&quot;classic&quot;}\">\n\t\t\t<div class=\"elementor-widget-wrap elementor-element-populated\">\n\t\t\t\t\t\t<div class=\"elementor-element elementor-element-ecd4e43 elementor-invisible elementor-widget elementor-widget-image\" data-id=\"ecd4e43\" data-element_type=\"widget\" data-e-type=\"widget\" data-settings=\"{&quot;_animation&quot;:&quot;fadeInUp&quot;}\" data-widget_type=\"image.default\">\n\t\t\t\t<div class=\"elementor-widget-container\">\n\t\t\t\t\t\t\t\t\t\t\t\t\t\t\t<img decoding=\"async\" width=\"75\" height=\"75\" src=\"https:\/\/plasmar.com.mx\/en\/wp-content\/uploads\/2022\/11\/img_preloader.png\" class=\"attachment-thumbnail size-thumbnail wp-image-1340\" alt=\"\" \/>\t\t\t\t\t\t\t\t\t\t\t\t\t\t\t<\/div>\n\t\t\t\t<\/div>\n\t\t\t\t<section class=\"elementor-section elementor-inner-section elementor-element elementor-element-fb8b94a elementor-section-full_width elementor-section-height-default elementor-section-height-default wpr-particle-no wpr-jarallax-no wpr-parallax-no wpr-sticky-section-no wpr-equal-height-no\" data-id=\"fb8b94a\" data-element_type=\"section\" data-e-type=\"section\">\n\t\t\t\t\t\t<div class=\"elementor-container elementor-column-gap-default\">\n\t\t\t\t\t<div class=\"elementor-column elementor-col-16 elementor-inner-column elementor-element elementor-element-c0663aa elementor-hidden-tablet elementor-hidden-mobile\" data-id=\"c0663aa\" data-element_type=\"column\" data-e-type=\"column\">\n\t\t\t<div class=\"elementor-widget-wrap elementor-element-populated\">\n\t\t\t\t\t\t<div class=\"elementor-element elementor-element-ad9b2ba wpr-button-icon-style-inline wpr-button-icon-position-right elementor-invisible elementor-widget elementor-widget-wpr-button\" data-id=\"ad9b2ba\" data-element_type=\"widget\" data-e-type=\"widget\" data-settings=\"{&quot;_animation&quot;:&quot;fadeInLeft&quot;}\" data-widget_type=\"wpr-button.default\">\n\t\t\t\t<div class=\"elementor-widget-container\">\n\t\t\t\t\t\t\n\t\t\t\n\t\t\n\t\t<div class=\"wpr-button-wrap elementor-clearfix\">\n\t\t<a class=\"wpr-button wpr-button-effect wpr-button-none\" data-text=\"\" href=\"https:\/\/plasmar.com.mx\/en\/somos\">\n\t\t\t\n\t\t\t<span class=\"wpr-button-content\">\n\t\t\t\t\t\t\t\t\t<span class=\"wpr-button-text\">1. ABOUT<\/span>\n\t\t\t\t\t\t\t\t\n\t\t\t\t\t\t\t\t\t<span class=\"wpr-button-icon\"><i class=\"fas fa-angle-right\"><\/i><\/span>\n\t\t\t\t\t\t\t<\/span>\n\t\t<\/a>\n\n\t\t\t\t<\/div>\n\t\n\t\n\t\t\t\t\t<\/div>\n\t\t\t\t<\/div>\n\t\t\t\t<div class=\"elementor-element elementor-element-33b32fc wpr-button-icon-style-inline wpr-button-icon-position-right elementor-invisible elementor-widget elementor-widget-wpr-button\" data-id=\"33b32fc\" data-element_type=\"widget\" data-e-type=\"widget\" data-settings=\"{&quot;_animation&quot;:&quot;fadeInLeft&quot;}\" data-widget_type=\"wpr-button.default\">\n\t\t\t\t<div class=\"elementor-widget-container\">\n\t\t\t\t\t\t\n\t\t\t\n\t\t\n\t\t<div class=\"wpr-button-wrap elementor-clearfix\">\n\t\t<a class=\"wpr-button wpr-button-effect wpr-button-none\" data-text=\"\" href=\"https:\/\/plasmar.com.mx\/en\/servicios\">\n\t\t\t\n\t\t\t<span class=\"wpr-button-content\">\n\t\t\t\t\t\t\t\t\t<span class=\"wpr-button-text\">2. SERVICES<\/span>\n\t\t\t\t\t\t\t\t\n\t\t\t\t\t\t\t\t\t<span class=\"wpr-button-icon\"><i class=\"fas fa-angle-right\"><\/i><\/span>\n\t\t\t\t\t\t\t<\/span>\n\t\t<\/a>\n\n\t\t\t\t<\/div>\n\t\n\t\n\t\t\t\t\t<\/div>\n\t\t\t\t<\/div>\n\t\t\t\t<div class=\"elementor-element elementor-element-01714a6 wpr-button-icon-style-inline wpr-button-icon-position-right elementor-invisible elementor-widget elementor-widget-wpr-button\" data-id=\"01714a6\" data-element_type=\"widget\" data-e-type=\"widget\" data-settings=\"{&quot;_animation&quot;:&quot;fadeInLeft&quot;}\" data-widget_type=\"wpr-button.default\">\n\t\t\t\t<div class=\"elementor-widget-container\">\n\t\t\t\t\t\t\n\t\t\t\n\t\t\n\t\t<div class=\"wpr-button-wrap elementor-clearfix\">\n\t\t<a class=\"wpr-button wpr-button-effect wpr-button-none\" data-text=\"\" href=\"https:\/\/plasmar.com.mx\/en\/clientes\/\">\n\t\t\t\n\t\t\t<span class=\"wpr-button-content\">\n\t\t\t\t\t\t\t\t\t<span class=\"wpr-button-text\">3. CLIENTS<\/span>\n\t\t\t\t\t\t\t\t\n\t\t\t\t\t\t\t\t\t<span class=\"wpr-button-icon\"><i class=\"fas fa-angle-right\"><\/i><\/span>\n\t\t\t\t\t\t\t<\/span>\n\t\t<\/a>\n\n\t\t\t\t<\/div>\n\t\n\t\n\t\t\t\t\t<\/div>\n\t\t\t\t<\/div>\n\t\t\t\t<div class=\"elementor-element elementor-element-5a4b5fb wpr-button-icon-style-inline wpr-button-icon-position-right elementor-invisible elementor-widget elementor-widget-wpr-button\" data-id=\"5a4b5fb\" data-element_type=\"widget\" data-e-type=\"widget\" data-settings=\"{&quot;_animation&quot;:&quot;fadeInLeft&quot;}\" data-widget_type=\"wpr-button.default\">\n\t\t\t\t<div class=\"elementor-widget-container\">\n\t\t\t\t\t\t\n\t\t\t\n\t\t\n\t\t<div class=\"wpr-button-wrap elementor-clearfix\">\n\t\t<a class=\"wpr-button wpr-button-effect wpr-button-none\" data-text=\"\" href=\"https:\/\/plasmar.com.mx\/en\/wp-content\/uploads\/2025\/03\/Guia-Comunicacion-incluyente.pdf\" target=\"_blank\">\n\t\t\t\n\t\t\t<span class=\"wpr-button-content\">\n\t\t\t\t\t\t\t\t\t<span class=\"wpr-button-text\">4. RESOURCES<\/span>\n\t\t\t\t\t\t\t\t\n\t\t\t\t\t\t\t\t\t<span class=\"wpr-button-icon\"><i class=\"fas fa-file-download\"><\/i><\/span>\n\t\t\t\t\t\t\t<\/span>\n\t\t<\/a>\n\n\t\t\t\t<\/div>\n\t\n\t\n\t\t\t\t\t<\/div>\n\t\t\t\t<\/div>\n\t\t\t\t<div class=\"elementor-element elementor-element-ac47341 wpr-button-icon-style-inline wpr-button-icon-position-right elementor-invisible elementor-widget elementor-widget-wpr-button\" data-id=\"ac47341\" data-element_type=\"widget\" data-e-type=\"widget\" data-settings=\"{&quot;_animation&quot;:&quot;fadeInLeft&quot;}\" data-widget_type=\"wpr-button.default\">\n\t\t\t\t<div class=\"elementor-widget-container\">\n\t\t\t\t\t\t\n\t\t\t\n\t\t\n\t\t<div class=\"wpr-button-wrap elementor-clearfix\">\n\t\t<a class=\"wpr-button wpr-button-effect wpr-button-none\" data-text=\"\" href=\"https:\/\/plasmar.com.mx\/en\/wp-content\/uploads\/2026\/02\/ITM2019-DIGITAL-FINAL-OK.pdf\" target=\"_blank\">\n\t\t\t\n\t\t\t<span class=\"wpr-button-content\">\n\t\t\t\t\t\t\t\t\t<span class=\"wpr-button-text\">5. ITM BOOK<\/span>\n\t\t\t\t\t\t\t\t\n\t\t\t\t\t\t\t\t\t<span class=\"wpr-button-icon\"><i class=\"fas fa-file-download\"><\/i><\/span>\n\t\t\t\t\t\t\t<\/span>\n\t\t<\/a>\n\n\t\t\t\t<\/div>\n\t\n\t\n\t\t\t\t\t<\/div>\n\t\t\t\t<\/div>\n\t\t\t\t<div class=\"elementor-element elementor-element-b5ad6c2 elementor-widget__width-initial wpr-button-icon-style-inline wpr-button-icon-position-right elementor-invisible elementor-widget elementor-widget-wpr-button\" data-id=\"b5ad6c2\" data-element_type=\"widget\" data-e-type=\"widget\" data-settings=\"{&quot;_animation&quot;:&quot;fadeInLeft&quot;}\" data-widget_type=\"wpr-button.default\">\n\t\t\t\t<div class=\"elementor-widget-container\">\n\t\t\t\t\t\t\n\t\t\t\n\t\t\n\t\t<div class=\"wpr-button-wrap elementor-clearfix\">\n\t\t<a class=\"wpr-button wpr-button-effect wpr-button-none\" data-text=\"\" href=\"https:\/\/plasmar.com.mx\/en\/contacto\">\n\t\t\t\n\t\t\t<span class=\"wpr-button-content\">\n\t\t\t\t\t\t\t\t\t<span class=\"wpr-button-text\">6. CONTACT<\/span>\n\t\t\t\t\t\t\t\t\n\t\t\t\t\t\t\t\t\t<span class=\"wpr-button-icon\"><i class=\"fas fa-angle-right\"><\/i><\/span>\n\t\t\t\t\t\t\t<\/span>\n\t\t<\/a>\n\n\t\t\t\t<\/div>\n\t\n\t\n\t\t\t\t\t<\/div>\n\t\t\t\t<\/div>\n\t\t\t\t\t<\/div>\n\t\t<\/div>\n\t\t\t\t<div class=\"elementor-column elementor-col-66 elementor-inner-column elementor-element elementor-element-89bf75b\" data-id=\"89bf75b\" data-element_type=\"column\" data-e-type=\"column\">\n\t\t\t<div class=\"elementor-widget-wrap elementor-element-populated\">\n\t\t\t\t\t\t<div class=\"elementor-element elementor-element-d886de3 elementor-widget elementor-widget-image\" data-id=\"d886de3\" data-element_type=\"widget\" data-e-type=\"widget\" data-widget_type=\"image.default\">\n\t\t\t\t<div class=\"elementor-widget-container\">\n\t\t\t\t\t\t\t\t\t\t\t\t\t\t\t<img fetchpriority=\"high\" decoding=\"async\" width=\"751\" height=\"67\" src=\"https:\/\/plasmar.com.mx\/en\/wp-content\/uploads\/2023\/09\/PLASMAR_logo_final.png\" class=\"attachment-full size-full wp-image-2489\" alt=\"\" srcset=\"https:\/\/plasmar.com.mx\/en\/wp-content\/uploads\/2023\/09\/PLASMAR_logo_final.png 751w, https:\/\/plasmar.com.mx\/en\/wp-content\/uploads\/2023\/09\/PLASMAR_logo_final-300x27.png 300w\" sizes=\"(max-width: 751px) 100vw, 751px\" \/>\t\t\t\t\t\t\t\t\t\t\t\t\t\t\t<\/div>\n\t\t\t\t<\/div>\n\t\t\t\t<div class=\"elementor-element elementor-element-55d6d9d elementor-widget elementor-widget-html\" data-id=\"55d6d9d\" data-element_type=\"widget\" data-e-type=\"widget\" data-widget_type=\"html.default\">\n\t\t\t\t<div class=\"elementor-widget-container\">\n\t\t\t\t\t<section class=\"center\">\n  <h3 class=\"span loader\"><span class=\"m\">C<\/span><span class=\"m\">O<\/span><span class=\"m\">M<\/span><span class=\"m\">M<\/span><span class=\"m\">U<\/span><span class=\"m\">N<\/span><span class=\"m\">I<\/span><span class=\"m\">C<\/span><span class=\"m\">A<\/span><span\n  class=\"m\"><span class=\"m\">T<\/span><span class=\"m\">I<\/span><span class=\"m\">O<\/span><span class=\"m\">N<\/span><span class=\"m\">S<\/span>&nbsp;<\/span><span class=\"m\">&<\/span><span class=\"m\">&nbsp;<\/span><span class=\"m\">P<\/span><span class=\"m\">R<\/span><\/h3>\n\n<\/section>\t\t\t\t<\/div>\n\t\t\t\t<\/div>\n\t\t\t\t<div class=\"elementor-element elementor-element-f4b06ad elementor-widget elementor-widget-text-editor\" data-id=\"f4b06ad\" data-element_type=\"widget\" data-e-type=\"widget\" data-widget_type=\"text-editor.default\">\n\t\t\t\t<div class=\"elementor-widget-container\">\n\t\t\t\t\t\t\t\t\t<h4>Strategic communication and marketing for industrial associations.<\/h4>\n\u00abIf it isn\u2019t communicated, it doesn\u2019t exist.\u00bb\n<h5>Gabriel Garc\u00eda M\u00e1rquez<\/h5>\t\t\t\t\t\t\t\t<\/div>\n\t\t\t\t<\/div>\n\t\t\t\t\t<\/div>\n\t\t<\/div>\n\t\t\t\t<div class=\"elementor-column elementor-col-16 elementor-inner-column elementor-element elementor-element-1885bde\" data-id=\"1885bde\" data-element_type=\"column\" data-e-type=\"column\">\n\t\t\t<div class=\"elementor-widget-wrap elementor-element-populated\">\n\t\t\t\t\t\t<div class=\"elementor-element elementor-element-d7b463b elementor-widget elementor-widget-text-editor\" data-id=\"d7b463b\" data-element_type=\"widget\" data-e-type=\"widget\" data-widget_type=\"text-editor.default\">\n\t\t\t\t<div class=\"elementor-widget-container\">\n\t\t\t\t\t\t\t\t\t<p>[<\/p>\t\t\t\t\t\t\t\t<\/div>\n\t\t\t\t<\/div>\n\t\t\t\t\t<\/div>\n\t\t<\/div>\n\t\t\t\t\t<\/div>\n\t\t<\/section>\n\t\t\t\t<div class=\"elementor-element elementor-element-d010f47 elementor-widget__width-initial wpr-button-icon-style-inline wpr-button-icon-position-right elementor-invisible elementor-widget elementor-widget-wpr-button\" data-id=\"d010f47\" data-element_type=\"widget\" data-e-type=\"widget\" data-settings=\"{&quot;_animation&quot;:&quot;fadeInLeft&quot;}\" data-widget_type=\"wpr-button.default\">\n\t\t\t\t<div class=\"elementor-widget-container\">\n\t\t\t\t\t\t\n\t\t\t\n\t\t\n\t\t<div class=\"wpr-button-wrap elementor-clearfix\">\n\t\t<a class=\"wpr-button wpr-button-effect wpr-button-none\" data-text=\"\" href=\"https:\/\/plasmar.com.mx\/\">\n\t\t\t\n\t\t\t<span class=\"wpr-button-content\">\n\t\t\t\t\t\t\t\t\t<span class=\"wpr-button-text\">ESPA\u00d1OL<\/span>\n\t\t\t\t\t\t\t\t\n\t\t\t\t\t\t\t\t\t<span class=\"wpr-button-icon\"><i class=\"fas fa-angle-right\"><\/i><\/span>\n\t\t\t\t\t\t\t<\/span>\n\t\t<\/a>\n\n\t\t\t\t<\/div>\n\t\n\t\n\t\t\t\t\t<\/div>\n\t\t\t\t<\/div>\n\t\t\t\t\t<\/div>\n\t\t<\/div>\n\t\t\t\t\t<\/div>\n\t\t<\/section>\n\t\t<div class=\"elementor-element elementor-element-80edd84 e-con-full e-flex wpr-particle-no wpr-jarallax-no wpr-parallax-no wpr-sticky-section-no wpr-equal-height-no e-con e-parent\" data-id=\"80edd84\" data-element_type=\"container\" data-e-type=\"container\" data-settings=\"{&quot;background_background&quot;:&quot;gradient&quot;}\">\n\t\t\t\t<\/div>\n\t\t\t\t<\/div>\n\t\t","protected":false},"excerpt":{"rendered":"<p>1. ABOUT 2. SERVICES 3. CLIENTS 4. RESOURCES 5. ITM BOOK 6. CONTACT COMMUNICATIONS&nbsp;&#038;&nbsp;PR Strategic communication and marketing for industrial associations. \u00abIf it isn\u2019t communicated, it doesn\u2019t exist.\u00bb Gabriel Garc\u00eda M\u00e1rquez [ ESPA\u00d1OL<\/p>\n","protected":false},"author":1,"featured_media":0,"parent":0,"menu_order":0,"comment_status":"closed","ping_status":"closed","template":"elementor_canvas","meta":{"footnotes":""},"class_list":["post-9","page","type-page","status-publish","hentry"],"_links":{"self":[{"href":"https:\/\/plasmar.com.mx\/en\/wp-json\/wp\/v2\/pages\/9","targetHints":{"allow":["GET"]}}],"collection":[{"href":"https:\/\/plasmar.com.mx\/en\/wp-json\/wp\/v2\/pages"}],"about":[{"href":"https:\/\/plasmar.com.mx\/en\/wp-json\/wp\/v2\/types\/page"}],"author":[{"embeddable":true,"href":"https:\/\/plasmar.com.mx\/en\/wp-json\/wp\/v2\/users\/1"}],"replies":[{"embeddable":true,"href":"https:\/\/plasmar.com.mx\/en\/wp-json\/wp\/v2\/comments?post=9"}],"version-history":[{"count":201,"href":"https:\/\/plasmar.com.mx\/en\/wp-json\/wp\/v2\/pages\/9\/revisions"}],"predecessor-version":[{"id":3118,"href":"https:\/\/plasmar.com.mx\/en\/wp-json\/wp\/v2\/pages\/9\/revisions\/3118"}],"wp:attachment":[{"href":"https:\/\/plasmar.com.mx\/en\/wp-json\/wp\/v2\/media?parent=9"}],"curies":[{"name":"wp","href":"https:\/\/api.w.org\/{rel}","templated":true}]}}