{"id":3,"date":"2023-09-25T10:18:58","date_gmt":"2023-09-25T10:18:58","guid":{"rendered":"https:\/\/plasmar.com.mx\/en\/?page_id=3"},"modified":"2023-10-27T00:35:13","modified_gmt":"2023-10-27T00:35:13","slug":"privacy-policy","status":"publish","type":"page","link":"https:\/\/plasmar.com.mx\/en\/privacy-policy\/","title":{"rendered":"Privacy Policy"},"content":{"rendered":"\t\t<div data-elementor-type=\"wp-page\" data-elementor-id=\"3\" class=\"elementor elementor-3\">\n\t\t\t\t\t\t<section data-wpr-particles=\"{\r\n  &quot;particles&quot;: {\r\n    &quot;number&quot;: {\r\n      &quot;value&quot;: 100,\r\n      &quot;density&quot;: {\r\n        &quot;enable&quot;: true,\r\n        &quot;value_area&quot;: 800\r\n      }\r\n    },\r\n    &quot;color&quot;: {\r\n      &quot;value&quot;: &quot;#ffffff&quot;\r\n    },\r\n    &quot;shape&quot;: {\r\n      &quot;type&quot;: &quot;polygon&quot;,\r\n      &quot;stroke&quot;: {\r\n        &quot;width&quot;: 0,\r\n        &quot;color&quot;: &quot;#000000&quot;\r\n      },\r\n      &quot;polygon&quot;: {\r\n        &quot;nb_sides&quot;: 10\r\n      },\r\n      &quot;image&quot;: {\r\n        &quot;src&quot;: &quot;img\/github.svg&quot;,\r\n        &quot;width&quot;: 100,\r\n        &quot;height&quot;: 100\r\n      }\r\n    },\r\n    &quot;opacity&quot;: {\r\n      &quot;value&quot;: 0.16572885181473096,\r\n      &quot;random&quot;: false,\r\n      &quot;anim&quot;: {\r\n        &quot;enable&quot;: false,\r\n        &quot;speed&quot;: 1,\r\n        &quot;opacity_min&quot;: 0.1,\r\n        &quot;sync&quot;: false\r\n      }\r\n    },\r\n    &quot;size&quot;: {\r\n      &quot;value&quot;: 3,\r\n      &quot;random&quot;: true,\r\n      &quot;anim&quot;: {\r\n        &quot;enable&quot;: false,\r\n        &quot;speed&quot;: 40,\r\n        &quot;size_min&quot;: 0.1,\r\n        &quot;sync&quot;: false\r\n      }\r\n    },\r\n    &quot;line_linked&quot;: {\r\n      &quot;enable&quot;: true,\r\n      &quot;distance&quot;: 170,\r\n      &quot;color&quot;: &quot;#ffffff&quot;,\r\n      &quot;opacity&quot;: 0.4,\r\n      &quot;width&quot;: 1\r\n    },\r\n    &quot;move&quot;: {\r\n      &quot;enable&quot;: true,\r\n      &quot;speed&quot;: 1.6024100246771158,\r\n      &quot;direction&quot;: &quot;none&quot;,\r\n      &quot;random&quot;: false,\r\n      &quot;straight&quot;: false,\r\n      &quot;out_mode&quot;: &quot;out&quot;,\r\n      &quot;bounce&quot;: false,\r\n      &quot;attract&quot;: {\r\n        &quot;enable&quot;: false,\r\n        &quot;rotateX&quot;: 600,\r\n        &quot;rotateY&quot;: 1200\r\n      }\r\n    }\r\n  },\r\n  &quot;interactivity&quot;: {\r\n    &quot;detect_on&quot;: &quot;canvas&quot;,\r\n    &quot;events&quot;: {\r\n      &quot;onhover&quot;: {\r\n        &quot;enable&quot;: true,\r\n        &quot;mode&quot;: &quot;repulse&quot;\r\n      },\r\n      &quot;onclick&quot;: {\r\n        &quot;enable&quot;: true,\r\n        &quot;mode&quot;: &quot;push&quot;\r\n      },\r\n      &quot;resize&quot;: true\r\n    },\r\n    &quot;modes&quot;: {\r\n      &quot;grab&quot;: {\r\n        &quot;distance&quot;: 400,\r\n        &quot;line_linked&quot;: {\r\n          &quot;opacity&quot;: 1\r\n        }\r\n      },\r\n      &quot;bubble&quot;: {\r\n        &quot;distance&quot;: 400,\r\n        &quot;size&quot;: 40,\r\n        &quot;duration&quot;: 2,\r\n        &quot;opacity&quot;: 8,\r\n        &quot;speed&quot;: 3\r\n      },\r\n      &quot;repulse&quot;: {\r\n        &quot;distance&quot;: 200,\r\n        &quot;duration&quot;: 0.4\r\n      },\r\n      &quot;push&quot;: {\r\n        &quot;particles_nb&quot;: 4\r\n      },\r\n      &quot;remove&quot;: {\r\n        &quot;particles_nb&quot;: 2\r\n      }\r\n    }\r\n  },\r\n  &quot;retina_detect&quot;: true\r\n}\" particle-source=\"wpr_particle_json_custom\" class=\"elementor-section elementor-top-section elementor-element elementor-element-fe758cb elementor-section-height-min-height wpr-particle-yes elementor-section-full_width elementor-section-height-default elementor-section-items-middle wpr-jarallax-no wpr-parallax-no wpr-sticky-section-no wpr-equal-height-no\" data-id=\"fe758cb\" data-element_type=\"section\" data-e-type=\"section\" data-settings=\"{&quot;background_background&quot;:&quot;gradient&quot;,&quot;animation&quot;:&quot;none&quot;}\">\n\t\t\t\t\t\t\t<div class=\"elementor-background-overlay\"><\/div>\n\t\t\t\t\t\t\t<div class=\"elementor-container elementor-column-gap-default\">\n\t\t\t\t\t<div class=\"elementor-column elementor-col-100 elementor-top-column elementor-element elementor-element-ec31e08\" data-id=\"ec31e08\" data-element_type=\"column\" data-e-type=\"column\" data-settings=\"{&quot;background_background&quot;:&quot;classic&quot;}\">\n\t\t\t<div class=\"elementor-widget-wrap elementor-element-populated\">\n\t\t\t\t\t\t<section class=\"elementor-section elementor-inner-section elementor-element elementor-element-4e5a6eb elementor-section-full_width elementor-section-height-default elementor-section-height-default wpr-particle-no wpr-jarallax-no wpr-parallax-no wpr-sticky-section-no wpr-equal-height-no\" data-id=\"4e5a6eb\" data-element_type=\"section\" data-e-type=\"section\">\n\t\t\t\t\t\t<div class=\"elementor-container elementor-column-gap-default\">\n\t\t\t\t\t<div class=\"elementor-column elementor-col-33 elementor-inner-column elementor-element elementor-element-0033534 elementor-hidden-tablet elementor-hidden-mobile\" data-id=\"0033534\" data-element_type=\"column\" data-e-type=\"column\">\n\t\t\t<div class=\"elementor-widget-wrap\">\n\t\t\t\t\t\t\t<\/div>\n\t\t<\/div>\n\t\t\t\t<div class=\"elementor-column elementor-col-33 elementor-inner-column elementor-element elementor-element-fc76056\" data-id=\"fc76056\" data-element_type=\"column\" data-e-type=\"column\">\n\t\t\t<div class=\"elementor-widget-wrap elementor-element-populated\">\n\t\t\t\t\t\t<div class=\"elementor-element elementor-element-eb79742 night-effect elementor-widget elementor-widget-text-editor\" data-id=\"eb79742\" data-element_type=\"widget\" data-e-type=\"widget\" data-widget_type=\"text-editor.default\">\n\t\t\t\t<div class=\"elementor-widget-container\">\n\t\t\t\t\t\t\t\t\t<h2>Aviso de Privacidad<\/h2>\t\t\t\t\t\t\t\t<\/div>\n\t\t\t\t<\/div>\n\t\t\t\t\t<\/div>\n\t\t<\/div>\n\t\t\t\t<div class=\"elementor-column elementor-col-33 elementor-inner-column elementor-element elementor-element-15686a0\" data-id=\"15686a0\" data-element_type=\"column\" data-e-type=\"column\">\n\t\t\t<div class=\"elementor-widget-wrap\">\n\t\t\t\t\t\t\t<\/div>\n\t\t<\/div>\n\t\t\t\t\t<\/div>\n\t\t<\/section>\n\t\t\t\t\t<\/div>\n\t\t<\/div>\n\t\t\t\t\t<\/div>\n\t\t<\/section>\n\t\t\t\t<section class=\"elementor-section elementor-top-section elementor-element elementor-element-6e73c34 elementor-section-boxed elementor-section-height-default elementor-section-height-default wpr-particle-no wpr-jarallax-no wpr-parallax-no wpr-sticky-section-no wpr-equal-height-no\" data-id=\"6e73c34\" data-element_type=\"section\" data-e-type=\"section\" data-settings=\"{&quot;background_background&quot;:&quot;video&quot;}\">\n\t\t\t\t\t\t<div class=\"elementor-container elementor-column-gap-default\">\n\t\t\t\t\t<div class=\"elementor-column elementor-col-100 elementor-top-column elementor-element elementor-element-7dbd000\" data-id=\"7dbd000\" data-element_type=\"column\" data-e-type=\"column\">\n\t\t\t<div class=\"elementor-widget-wrap elementor-element-populated\">\n\t\t\t\t\t\t<section class=\"elementor-section elementor-inner-section elementor-element elementor-element-7d1f82d elementor-section-boxed elementor-section-height-default elementor-section-height-default wpr-particle-no wpr-jarallax-no wpr-parallax-no wpr-sticky-section-no wpr-equal-height-no\" data-id=\"7d1f82d\" data-element_type=\"section\" data-e-type=\"section\">\n\t\t\t\t\t\t<div class=\"elementor-container elementor-column-gap-default\">\n\t\t\t\t\t<div class=\"elementor-column elementor-col-16 elementor-inner-column elementor-element elementor-element-10ae602\" data-id=\"10ae602\" data-element_type=\"column\" data-e-type=\"column\">\n\t\t\t<div class=\"elementor-widget-wrap\">\n\t\t\t\t\t\t\t<\/div>\n\t\t<\/div>\n\t\t\t\t<div class=\"elementor-column elementor-col-66 elementor-inner-column elementor-element elementor-element-3dbebaa\" data-id=\"3dbebaa\" data-element_type=\"column\" data-e-type=\"column\">\n\t\t\t<div class=\"elementor-widget-wrap elementor-element-populated\">\n\t\t\t\t\t\t<div class=\"elementor-element elementor-element-5d06833 elementor-widget elementor-widget-text-editor\" data-id=\"5d06833\" data-element_type=\"widget\" data-e-type=\"widget\" data-widget_type=\"text-editor.default\">\n\t\t\t\t<div class=\"elementor-widget-container\">\n\t\t\t\t\t\t\t\t\t<h5>Agencia de Comunicaci\u00f3n Plasmar, SA de CV es una empresa que tiene como finalidad la realizaci\u00f3n de estudios de mercado y de opini\u00f3n, enfocados a la medici\u00f3n de est\u00e1ndares de calidad, satisfacci\u00f3n y procesos de servicio a clientes.<\/h5>\n<p>Agencia de Comunicaci\u00f3n Plasmar, SA de CV es responsable del cuidado y resguardo de los datos que usted nos proporciona, por lo que estos se encuentran protegidos y s\u00f3lo personal autorizado tiene acceso a \u00e9stos para uso exclusivamente con fines de an\u00e1lisis y resultados estad\u00edsticos.<\/p>\t\t\t\t\t\t\t\t<\/div>\n\t\t\t\t<\/div>\n\t\t\t\t\t<\/div>\n\t\t<\/div>\n\t\t\t\t<div class=\"elementor-column elementor-col-16 elementor-inner-column elementor-element elementor-element-7673826\" data-id=\"7673826\" data-element_type=\"column\" data-e-type=\"column\">\n\t\t\t<div class=\"elementor-widget-wrap\">\n\t\t\t\t\t\t\t<\/div>\n\t\t<\/div>\n\t\t\t\t\t<\/div>\n\t\t<\/section>\n\t\t\t\t\t<\/div>\n\t\t<\/div>\n\t\t\t\t\t<\/div>\n\t\t<\/section>\n\t\t\t\t<section data-wpr-particles=\"{\r\n  &quot;particles&quot;: {\r\n    &quot;number&quot;: {\r\n      &quot;value&quot;: 80,\r\n      &quot;density&quot;: {\r\n        &quot;enable&quot;: true,\r\n        &quot;value_area&quot;: 800\r\n      }\r\n    },\r\n    &quot;color&quot;: {\r\n      &quot;value&quot;: &quot;#ffffff&quot;\r\n    },\r\n    &quot;shape&quot;: {\r\n      &quot;type&quot;: &quot;circle&quot;,\r\n      &quot;stroke&quot;: {\r\n        &quot;width&quot;: 0,\r\n        &quot;color&quot;: &quot;#000000&quot;\r\n      },\r\n      &quot;polygon&quot;: {\r\n        &quot;nb_sides&quot;: 5\r\n      },\r\n      &quot;image&quot;: {\r\n        &quot;src&quot;: &quot;img\/github.svg&quot;,\r\n        &quot;width&quot;: 100,\r\n        &quot;height&quot;: 100\r\n      }\r\n    },\r\n    &quot;opacity&quot;: {\r\n      &quot;value&quot;: 0.5,\r\n      &quot;random&quot;: false,\r\n      &quot;anim&quot;: {\r\n        &quot;enable&quot;: false,\r\n        &quot;speed&quot;: 1,\r\n        &quot;opacity_min&quot;: 0.1,\r\n        &quot;sync&quot;: false\r\n      }\r\n    },\r\n    &quot;size&quot;: {\r\n      &quot;value&quot;: 3,\r\n      &quot;random&quot;: true,\r\n      &quot;anim&quot;: {\r\n        &quot;enable&quot;: false,\r\n        &quot;speed&quot;: 40,\r\n        &quot;size_min&quot;: 0.1,\r\n        &quot;sync&quot;: false\r\n      }\r\n    },\r\n    &quot;line_linked&quot;: {\r\n      &quot;enable&quot;: true,\r\n      &quot;distance&quot;: 150,\r\n      &quot;color&quot;: &quot;#ffffff&quot;,\r\n      &quot;opacity&quot;: 0.4,\r\n      &quot;width&quot;: 1\r\n    },\r\n    &quot;move&quot;: {\r\n      &quot;enable&quot;: true,\r\n      &quot;speed&quot;: 5,\r\n      &quot;direction&quot;: &quot;none&quot;,\r\n      &quot;random&quot;: false,\r\n      &quot;straight&quot;: false,\r\n      &quot;out_mode&quot;: &quot;out&quot;,\r\n      &quot;bounce&quot;: false,\r\n      &quot;attract&quot;: {\r\n        &quot;enable&quot;: false,\r\n        &quot;rotateX&quot;: 600,\r\n        &quot;rotateY&quot;: 1200\r\n      }\r\n    }\r\n  },\r\n  &quot;interactivity&quot;: {\r\n    &quot;detect_on&quot;: &quot;canvas&quot;,\r\n    &quot;events&quot;: {\r\n      &quot;onhover&quot;: {\r\n        &quot;enable&quot;: true,\r\n        &quot;mode&quot;: &quot;repulse&quot;\r\n      },\r\n      &quot;onclick&quot;: {\r\n        &quot;enable&quot;: true,\r\n        &quot;mode&quot;: &quot;push&quot;\r\n      },\r\n      &quot;resize&quot;: true\r\n    },\r\n    &quot;modes&quot;: {\r\n      &quot;grab&quot;: {\r\n        &quot;distance&quot;: 400,\r\n        &quot;line_linked&quot;: {\r\n          &quot;opacity&quot;: 1\r\n        }\r\n      },\r\n      &quot;bubble&quot;: {\r\n        &quot;distance&quot;: 400,\r\n        &quot;size&quot;: 40,\r\n        &quot;duration&quot;: 2,\r\n        &quot;opacity&quot;: 8,\r\n        &quot;speed&quot;: 3\r\n      },\r\n      &quot;repulse&quot;: {\r\n        &quot;distance&quot;: 200,\r\n        &quot;duration&quot;: 0.4\r\n      },\r\n      &quot;push&quot;: {\r\n        &quot;particles_nb&quot;: 4\r\n      },\r\n      &quot;remove&quot;: {\r\n        &quot;particles_nb&quot;: 2\r\n      }\r\n    }\r\n  },\r\n  &quot;retina_detect&quot;: true\r\n}\" particle-source=\"wpr_particle_json_custom\" class=\"elementor-section elementor-top-section elementor-element elementor-element-c5d229b wpr-particle-yes elementor-section-boxed elementor-section-height-default elementor-section-height-default wpr-jarallax-no wpr-parallax-no wpr-sticky-section-no wpr-equal-height-no\" data-id=\"c5d229b\" data-element_type=\"section\" data-e-type=\"section\" data-settings=\"{&quot;background_background&quot;:&quot;gradient&quot;}\">\n\t\t\t\t\t\t<div class=\"elementor-container elementor-column-gap-default\">\n\t\t\t\t\t<div class=\"elementor-column elementor-col-100 elementor-top-column elementor-element elementor-element-79194daa\" data-id=\"79194daa\" data-element_type=\"column\" data-e-type=\"column\">\n\t\t\t<div class=\"elementor-widget-wrap elementor-element-populated\">\n\t\t\t\t\t\t<section class=\"elementor-section elementor-inner-section elementor-element elementor-element-48b6853b elementor-section-boxed elementor-section-height-default elementor-section-height-default wpr-particle-no wpr-jarallax-no wpr-parallax-no wpr-sticky-section-no wpr-equal-height-no\" data-id=\"48b6853b\" data-element_type=\"section\" data-e-type=\"section\">\n\t\t\t\t\t\t<div class=\"elementor-container elementor-column-gap-default\">\n\t\t\t\t\t<div class=\"elementor-column elementor-col-33 elementor-inner-column elementor-element elementor-element-1fb01b14 elementor-invisible\" data-id=\"1fb01b14\" data-element_type=\"column\" data-e-type=\"column\" data-settings=\"{&quot;animation&quot;:&quot;fadeInUp&quot;}\">\n\t\t\t<div class=\"elementor-widget-wrap elementor-element-populated\">\n\t\t\t\t\t\t<div class=\"elementor-element elementor-element-5afbfeb7 elementor-widget elementor-widget-icon-box\" data-id=\"5afbfeb7\" data-element_type=\"widget\" data-e-type=\"widget\" data-widget_type=\"icon-box.default\">\n\t\t\t\t<div class=\"elementor-widget-container\">\n\t\t\t\t\t\t\t<div class=\"elementor-icon-box-wrapper\">\n\n\t\t\t\n\t\t\t\t\t\t<div class=\"elementor-icon-box-content\">\n\n\t\t\t\t\t\t\t\t\t<h3 class=\"elementor-icon-box-title\">\n\t\t\t\t\t\t<span  >\n\t\t\t\t\t\t\tPLASMAR &gt; COMUNICATIONS &amp; PR\t\t\t\t\t\t<\/span>\n\t\t\t\t\t<\/h3>\n\t\t\t\t\n\t\t\t\t\t\t\t\t\t<p class=\"elementor-icon-box-description\">\n\t\t\t\t\t\tSalamanca 34, piso 6, Colonia Roma, CDMX, M\u00e9xico.\t\t\t\t\t<\/p>\n\t\t\t\t\n\t\t\t<\/div>\n\t\t\t\n\t\t<\/div>\n\t\t\t\t\t\t<\/div>\n\t\t\t\t<\/div>\n\t\t\t\t\t<\/div>\n\t\t<\/div>\n\t\t\t\t<div class=\"elementor-column elementor-col-33 elementor-inner-column elementor-element elementor-element-23325c44 elementor-invisible\" data-id=\"23325c44\" data-element_type=\"column\" data-e-type=\"column\" data-settings=\"{&quot;animation&quot;:&quot;fadeInUp&quot;}\">\n\t\t\t<div class=\"elementor-widget-wrap elementor-element-populated\">\n\t\t\t\t\t\t<div class=\"elementor-element elementor-element-5e1b4dcf elementor-invisible elementor-widget elementor-widget-text-editor\" data-id=\"5e1b4dcf\" data-element_type=\"widget\" data-e-type=\"widget\" data-settings=\"{&quot;_animation&quot;:&quot;fadeInUp&quot;}\" data-widget_type=\"text-editor.default\">\n\t\t\t\t<div class=\"elementor-widget-container\">\n\t\t\t\t\t\t\t\t\t<a class=\"dchaizda\" href=\"mailto:igomez@plasmar.com.mx\">igomez@plasmar.com.mx<\/a>\t\t\t\t\t\t\t\t<\/div>\n\t\t\t\t<\/div>\n\t\t\t\t<div class=\"elementor-element elementor-element-1ef9e12f elementor-widget elementor-widget-text-editor\" data-id=\"1ef9e12f\" data-element_type=\"widget\" data-e-type=\"widget\" data-widget_type=\"text-editor.default\">\n\t\t\t\t<div class=\"elementor-widget-container\">\n\t\t\t\t\t\t\t\t\t<p>+52 (55) 8950 6288<\/p>\t\t\t\t\t\t\t\t<\/div>\n\t\t\t\t<\/div>\n\t\t\t\t\t<\/div>\n\t\t<\/div>\n\t\t\t\t<div class=\"elementor-column elementor-col-33 elementor-inner-column elementor-element elementor-element-36977685 elementor-invisible\" data-id=\"36977685\" data-element_type=\"column\" data-e-type=\"column\" data-settings=\"{&quot;animation&quot;:&quot;fadeInUp&quot;}\">\n\t\t\t<div class=\"elementor-widget-wrap elementor-element-populated\">\n\t\t\t\t\t\t<div class=\"elementor-element elementor-element-41531e3c elementor-invisible elementor-widget elementor-widget-text-editor\" data-id=\"41531e3c\" data-element_type=\"widget\" data-e-type=\"widget\" data-settings=\"{&quot;_animation&quot;:&quot;fadeInUp&quot;}\" data-widget_type=\"text-editor.default\">\n\t\t\t\t<div class=\"elementor-widget-container\">\n\t\t\t\t\t\t\t\t\t<a class=\"dchaizda\" href=\"https:\/\/www.linkedin.com\/in\/itziargomez\/\" target=\"_blank\" rel=\"noopener\">Linkedin<\/a>\t\t\t\t\t\t\t\t<\/div>\n\t\t\t\t<\/div>\n\t\t\t\t<div class=\"elementor-element elementor-element-155911f5 elementor-invisible elementor-widget elementor-widget-text-editor\" data-id=\"155911f5\" data-element_type=\"widget\" data-e-type=\"widget\" data-settings=\"{&quot;_animation&quot;:&quot;fadeInUp&quot;}\" data-widget_type=\"text-editor.default\">\n\t\t\t\t<div class=\"elementor-widget-container\">\n\t\t\t\t\t\t\t\t\t<a class=\"dchaizda\" href=\"https:\/\/plasmar.com.mx\/en\/privacy-policy\/\" rel=\"noopener\">Aviso de privacidad<\/a>\t\t\t\t\t\t\t\t<\/div>\n\t\t\t\t<\/div>\n\t\t\t\t\t<\/div>\n\t\t<\/div>\n\t\t\t\t\t<\/div>\n\t\t<\/section>\n\t\t\t\t\t<\/div>\n\t\t<\/div>\n\t\t\t\t\t<\/div>\n\t\t<\/section>\n\t\t\t\t<\/div>\n\t\t","protected":false},"excerpt":{"rendered":"<p>Aviso de Privacidad Agencia de Comunicaci\u00f3n Plasmar, SA de CV es una empresa que tiene como finalidad la realizaci\u00f3n de estudios de mercado y de opini\u00f3n, enfocados a la medici\u00f3n de est\u00e1ndares de calidad, satisfacci\u00f3n y procesos de servicio a clientes. Agencia de Comunicaci\u00f3n Plasmar, SA de CV es responsable del cuidado y resguardo de los datos que usted nos proporciona, por lo que estos se encuentran protegidos y s\u00f3lo personal autorizado tiene acceso a \u00e9stos para uso exclusivamente con fines de an\u00e1lisis y resultados estad\u00edsticos. PLASMAR &gt; COMUNICATIONS &amp; PR Salamanca 34, piso 6, Colonia Roma, CDMX, M\u00e9xico. igomez@plasmar.com.mx +52 (55) 8950 6288 LinkedinAviso de privacidad<\/p>\n","protected":false},"author":1,"featured_media":0,"parent":0,"menu_order":0,"comment_status":"closed","ping_status":"open","template":"elementor_canvas","meta":{"footnotes":""},"class_list":["post-3","page","type-page","status-publish","hentry"],"_links":{"self":[{"href":"https:\/\/plasmar.com.mx\/en\/wp-json\/wp\/v2\/pages\/3","targetHints":{"allow":["GET"]}}],"collection":[{"href":"https:\/\/plasmar.com.mx\/en\/wp-json\/wp\/v2\/pages"}],"about":[{"href":"https:\/\/plasmar.com.mx\/en\/wp-json\/wp\/v2\/types\/page"}],"author":[{"embeddable":true,"href":"https:\/\/plasmar.com.mx\/en\/wp-json\/wp\/v2\/users\/1"}],"replies":[{"embeddable":true,"href":"https:\/\/plasmar.com.mx\/en\/wp-json\/wp\/v2\/comments?post=3"}],"version-history":[{"count":36,"href":"https:\/\/plasmar.com.mx\/en\/wp-json\/wp\/v2\/pages\/3\/revisions"}],"predecessor-version":[{"id":2657,"href":"https:\/\/plasmar.com.mx\/en\/wp-json\/wp\/v2\/pages\/3\/revisions\/2657"}],"wp:attachment":[{"href":"https:\/\/plasmar.com.mx\/en\/wp-json\/wp\/v2\/media?parent=3"}],"curies":[{"name":"wp","href":"https:\/\/api.w.org\/{rel}","templated":true}]}}